{"id":220,"date":"2019-12-02T21:05:42","date_gmt":"2019-12-03T00:05:42","guid":{"rendered":"http:\/\/www.clinicadharma.com.ar\/residencia\/?page_id=220"},"modified":"2023-05-14T23:10:09","modified_gmt":"2023-05-15T02:10:09","slug":"recursos","status":"publish","type":"page","link":"https:\/\/www.clinicadharma.com.ar\/residencia\/recursos\/","title":{"rendered":"RECURSOS"},"content":{"rendered":"\t\t<div data-elementor-type=\"wp-page\" data-elementor-id=\"220\" class=\"elementor elementor-220\">\n\t\t\t\t\t\t<div class=\"elementor-inner\">\n\t\t\t\t<div class=\"elementor-section-wrap\">\n\t\t\t\t\t\t\t\t\t<section class=\"elementor-section elementor-top-section elementor-element elementor-element-cdcca4b elementor-section-boxed elementor-section-height-default elementor-section-height-default\" data-id=\"cdcca4b\" data-element_type=\"section\">\n\t\t\t\t\t\t<div class=\"elementor-container elementor-column-gap-default\">\n\t\t\t\t\t\t\t<div class=\"elementor-row\">\n\t\t\t\t\t<div class=\"elementor-column elementor-col-100 elementor-top-column elementor-element elementor-element-ad00df1\" data-id=\"ad00df1\" data-element_type=\"column\">\n\t\t\t<div class=\"elementor-column-wrap elementor-element-populated\">\n\t\t\t\t\t\t\t<div class=\"elementor-widget-wrap\">\n\t\t\t\t\t\t<div class=\"elementor-element elementor-element-56712a2 elementor-widget elementor-widget-heading\" data-id=\"56712a2\" data-element_type=\"widget\" data-widget_type=\"heading.default\">\n\t\t\t\t<div class=\"elementor-widget-container\">\n\t\t\t<h2 class=\"elementor-heading-title elementor-size-default\">RECURSOS<\/h2>\t\t<\/div>\n\t\t\t\t<\/div>\n\t\t\t\t\t\t<\/div>\n\t\t\t\t\t<\/div>\n\t\t<\/div>\n\t\t\t\t\t\t\t\t<\/div>\n\t\t\t\t\t<\/div>\n\t\t<\/section>\n\t\t\t\t<section class=\"elementor-section elementor-top-section elementor-element elementor-element-7ae25c1 elementor-section-boxed elementor-section-height-default elementor-section-height-default\" data-id=\"7ae25c1\" data-element_type=\"section\">\n\t\t\t\t\t\t<div class=\"elementor-container elementor-column-gap-default\">\n\t\t\t\t\t\t\t<div class=\"elementor-row\">\n\t\t\t\t\t<div class=\"elementor-column elementor-col-100 elementor-top-column elementor-element elementor-element-c8689ad\" data-id=\"c8689ad\" data-element_type=\"column\">\n\t\t\t<div class=\"elementor-column-wrap elementor-element-populated\">\n\t\t\t\t\t\t\t<div class=\"elementor-widget-wrap\">\n\t\t\t\t\t\t<div class=\"elementor-element elementor-element-90a6cd0 elementor-widget elementor-widget-text-editor\" data-id=\"90a6cd0\" data-element_type=\"widget\" data-widget_type=\"text-editor.default\">\n\t\t\t\t<div class=\"elementor-widget-container\">\n\t\t\t\t\t\t\t\t<div class=\"elementor-text-editor elementor-clearfix\">\n\t\t\t\t<p><span style=\"font-size: 17px;\"><b>Cl\u00ednica Dharma (CABA) 90 camas &#8211; Cl\u00ednica Solar Colonial ( Castelar) 50 camas<\/b><\/span><\/p><ul><li>Planta de Hospital de D\u00eda<\/li><li>Quince Consultorios Externos Centralizados y Red de Consultorios Perif\u00e9ricos en CABA y Gran Buenos Aires<\/li><li>\u00c1rea de atenci\u00f3n en Domicilios y Urgencias \u2013Flota de 5 ambulancias<\/li><li>Auditorio<\/li><li>Aulas<\/li><li>Sala de Profesionales<\/li><li>Sala y Dormitorio de Residentes<\/li><li>Biblioteca gr\u00e1fica, digital y virtual.<\/li><\/ul>\t\t\t\t\t<\/div>\n\t\t\t\t\t\t<\/div>\n\t\t\t\t<\/div>\n\t\t\t\t\t\t<\/div>\n\t\t\t\t\t<\/div>\n\t\t<\/div>\n\t\t\t\t\t\t\t\t<\/div>\n\t\t\t\t\t<\/div>\n\t\t<\/section>\n\t\t\t\t\t\t\t\t\t<\/div>\n\t\t\t<\/div>\n\t\t\t\t\t<\/div>\n\t\t","protected":false},"excerpt":{"rendered":"<p>RECURSOS Cl\u00ednica Dharma (CABA) 90 camas\u00a0 -Cl\u00ednica Solar Colonial ( Castelar) 50 camas Planta de Hospital de D\u00eda Quince Consultorios Externos Centralizados y Red de Consultorios Perif\u00e9ricos en CABA y Gran Buenos Aires \u00c1rea de atenci\u00f3n en Domicilios y Urgencias \u2013Flota de 5 ambulancias Auditorio Aulas-Equipamiento para clases formato h\u00edbrido Sala de Profesionales Sala y [&hellip;]<\/p>\n<p class=\"more-link style2\"><a href=\"https:\/\/www.clinicadharma.com.ar\/residencia\/recursos\/\"  class=\"themebutton\"><span class=\"more-text\">READ MORE<\/span><span class=\"more-icon\"><i class=\"fa fa-angle-right fa-lg\"><\/i><\/span><\/a><\/p>\n","protected":false},"author":1,"featured_media":0,"parent":0,"menu_order":0,"comment_status":"closed","ping_status":"closed","template":"","meta":{"footnotes":""},"categories":[],"tags":[],"_links":{"self":[{"href":"https:\/\/www.clinicadharma.com.ar\/residencia\/wp-json\/wp\/v2\/pages\/220"}],"collection":[{"href":"https:\/\/www.clinicadharma.com.ar\/residencia\/wp-json\/wp\/v2\/pages"}],"about":[{"href":"https:\/\/www.clinicadharma.com.ar\/residencia\/wp-json\/wp\/v2\/types\/page"}],"author":[{"embeddable":true,"href":"https:\/\/www.clinicadharma.com.ar\/residencia\/wp-json\/wp\/v2\/users\/1"}],"replies":[{"embeddable":true,"href":"https:\/\/www.clinicadharma.com.ar\/residencia\/wp-json\/wp\/v2\/comments?post=220"}],"version-history":[{"count":4,"href":"https:\/\/www.clinicadharma.com.ar\/residencia\/wp-json\/wp\/v2\/pages\/220\/revisions"}],"predecessor-version":[{"id":477,"href":"https:\/\/www.clinicadharma.com.ar\/residencia\/wp-json\/wp\/v2\/pages\/220\/revisions\/477"}],"wp:attachment":[{"href":"https:\/\/www.clinicadharma.com.ar\/residencia\/wp-json\/wp\/v2\/media?parent=220"}],"wp:term":[{"taxonomy":"category","embeddable":true,"href":"https:\/\/www.clinicadharma.com.ar\/residencia\/wp-json\/wp\/v2\/categories?post=220"},{"taxonomy":"post_tag","embeddable":true,"href":"https:\/\/www.clinicadharma.com.ar\/residencia\/wp-json\/wp\/v2\/tags?post=220"}],"curies":[{"name":"wp","href":"https:\/\/api.w.org\/{rel}","templated":true}]}}