{"id":215,"date":"2019-12-02T20:46:50","date_gmt":"2019-12-02T23:46:50","guid":{"rendered":"http:\/\/www.clinicadharma.com.ar\/residencia\/?page_id=215"},"modified":"2023-04-24T15:06:51","modified_gmt":"2023-04-24T18:06:51","slug":"departamento-de-docencia","status":"publish","type":"page","link":"https:\/\/www.clinicadharma.com.ar\/residencia\/departamento-de-docencia\/","title":{"rendered":"DEPARTAMENTO DE DOCENCIA"},"content":{"rendered":"\t\t<div data-elementor-type=\"wp-page\" data-elementor-id=\"215\" class=\"elementor elementor-215\">\n\t\t\t\t\t\t<div class=\"elementor-inner\">\n\t\t\t\t<div class=\"elementor-section-wrap\">\n\t\t\t\t\t\t\t\t\t<section class=\"elementor-section elementor-top-section elementor-element elementor-element-9f04e12 elementor-section-boxed elementor-section-height-default elementor-section-height-default\" data-id=\"9f04e12\" data-element_type=\"section\">\n\t\t\t\t\t\t<div class=\"elementor-container elementor-column-gap-default\">\n\t\t\t\t\t\t\t<div class=\"elementor-row\">\n\t\t\t\t\t<div class=\"elementor-column elementor-col-100 elementor-top-column elementor-element elementor-element-5aa89c3\" data-id=\"5aa89c3\" data-element_type=\"column\">\n\t\t\t<div class=\"elementor-column-wrap elementor-element-populated\">\n\t\t\t\t\t\t\t<div class=\"elementor-widget-wrap\">\n\t\t\t\t\t\t<div class=\"elementor-element elementor-element-a7297c4 elementor-widget elementor-widget-heading\" data-id=\"a7297c4\" data-element_type=\"widget\" data-widget_type=\"heading.default\">\n\t\t\t\t<div class=\"elementor-widget-container\">\n\t\t\t<h2 class=\"elementor-heading-title elementor-size-default\">DEPARTAMENTO DE DOCENCIA<\/h2>\t\t<\/div>\n\t\t\t\t<\/div>\n\t\t\t\t\t\t<\/div>\n\t\t\t\t\t<\/div>\n\t\t<\/div>\n\t\t\t\t\t\t\t\t<\/div>\n\t\t\t\t\t<\/div>\n\t\t<\/section>\n\t\t\t\t<section class=\"elementor-section elementor-top-section elementor-element elementor-element-f093238 elementor-section-boxed elementor-section-height-default elementor-section-height-default\" data-id=\"f093238\" data-element_type=\"section\">\n\t\t\t\t\t\t<div class=\"elementor-container elementor-column-gap-default\">\n\t\t\t\t\t\t\t<div class=\"elementor-row\">\n\t\t\t\t\t<div class=\"elementor-column elementor-col-100 elementor-top-column elementor-element elementor-element-0afa0a7\" data-id=\"0afa0a7\" data-element_type=\"column\">\n\t\t\t<div class=\"elementor-column-wrap elementor-element-populated\">\n\t\t\t\t\t\t\t<div class=\"elementor-widget-wrap\">\n\t\t\t\t\t\t<div class=\"elementor-element elementor-element-7e03216 elementor-widget elementor-widget-text-editor\" data-id=\"7e03216\" data-element_type=\"widget\" data-widget_type=\"text-editor.default\">\n\t\t\t\t<div class=\"elementor-widget-container\">\n\t\t\t\t\t\t\t\t<div class=\"elementor-text-editor elementor-clearfix\">\n\t\t\t\t<p>Dr. Barembaun, Rub\u00e9n<br \/>Dr. Brusco, Ignacio<br \/>Lic. Castagnino, Ernesto<br \/>Dra. Cirigliano, M\u00f3nica<br \/>Lic. Colosimo, Marcelo<br \/>Dr. Conti, Norberto<br \/>Lic. Enriquez Laura<br \/>Lic. Ferraiuolo, Lidia<br \/>Dra. Freisleben Mariana<br \/>Lic. Genzone Leandro<br \/>Dra. Gonz\u00e1lez, Liliana<br \/>Dr. Herrera Garc\u00eda Pedro Pablo<br \/>Lic. Katz, Ezequiel<br \/>Dr. Kremer, Carlos<br \/>Dr. Loidl, Fabi\u00e1n<br \/>Dr. Monchablon, Alberto<br \/>Dra. Montemarano, Carina<br \/>Dr. Otero, Alejandro<br \/>Dra. Rocco, Patricia<br \/>Lic. San Mart\u00edn<br \/>Dra. Scolaro, Eliana<br \/>Dr. Silva, Daniel<br \/>Lic. Sucksdorf, Cristian<br \/>Lic. Traverso Gregorio<br \/>Docentes invitados de Universidades Nacionales y Privadas<br \/>Docentes invitados de Entidades Acad\u00e9micas y Asociaciones Profesionales<\/p>\t\t\t\t\t<\/div>\n\t\t\t\t\t\t<\/div>\n\t\t\t\t<\/div>\n\t\t\t\t\t\t<\/div>\n\t\t\t\t\t<\/div>\n\t\t<\/div>\n\t\t\t\t\t\t\t\t<\/div>\n\t\t\t\t\t<\/div>\n\t\t<\/section>\n\t\t\t\t\t\t\t\t\t<\/div>\n\t\t\t<\/div>\n\t\t\t\t\t<\/div>\n\t\t","protected":false},"excerpt":{"rendered":"<p>DEPARTAMENTO DE DOCENCIA Dr. Barembaun, Rub\u00e9nDr. Brusco, IgnacioLic. Castagnino, ErnestoDra. Cirigliano, M\u00f3nicaLic. Colosimo, MarceloDr. Conti, NorbertoLic. Enriquez LauraLic. Ferraiuolo, LidiaDra. Freisleben MarianaLic. Genzone LeandroDra. Gonz\u00e1lez, LilianaDr. Herrera Garc\u00eda Pedro PabloLic. Katz, EzequielDr. Kremer, CarlosDr. Loidl, Fabi\u00e1nDr. Monchablon, AlbertoDra. Montemarano, CarinaDr. Otero, AlejandroDra. Rocco, PatriciaLic. San Mart\u00ednDra. Scolaro, ElianaDr. Silva, DanielLic. Sucksdorf, CristianLic. Traverso GregorioDocentes invitados [&hellip;]<\/p>\n<p class=\"more-link style2\"><a href=\"https:\/\/www.clinicadharma.com.ar\/residencia\/departamento-de-docencia\/\"  class=\"themebutton\"><span class=\"more-text\">READ MORE<\/span><span class=\"more-icon\"><i class=\"fa fa-angle-right fa-lg\"><\/i><\/span><\/a><\/p>\n","protected":false},"author":1,"featured_media":0,"parent":0,"menu_order":0,"comment_status":"closed","ping_status":"closed","template":"","meta":{"footnotes":""},"categories":[],"tags":[],"_links":{"self":[{"href":"https:\/\/www.clinicadharma.com.ar\/residencia\/wp-json\/wp\/v2\/pages\/215"}],"collection":[{"href":"https:\/\/www.clinicadharma.com.ar\/residencia\/wp-json\/wp\/v2\/pages"}],"about":[{"href":"https:\/\/www.clinicadharma.com.ar\/residencia\/wp-json\/wp\/v2\/types\/page"}],"author":[{"embeddable":true,"href":"https:\/\/www.clinicadharma.com.ar\/residencia\/wp-json\/wp\/v2\/users\/1"}],"replies":[{"embeddable":true,"href":"https:\/\/www.clinicadharma.com.ar\/residencia\/wp-json\/wp\/v2\/comments?post=215"}],"version-history":[{"count":8,"href":"https:\/\/www.clinicadharma.com.ar\/residencia\/wp-json\/wp\/v2\/pages\/215\/revisions"}],"predecessor-version":[{"id":443,"href":"https:\/\/www.clinicadharma.com.ar\/residencia\/wp-json\/wp\/v2\/pages\/215\/revisions\/443"}],"wp:attachment":[{"href":"https:\/\/www.clinicadharma.com.ar\/residencia\/wp-json\/wp\/v2\/media?parent=215"}],"wp:term":[{"taxonomy":"category","embeddable":true,"href":"https:\/\/www.clinicadharma.com.ar\/residencia\/wp-json\/wp\/v2\/categories?post=215"},{"taxonomy":"post_tag","embeddable":true,"href":"https:\/\/www.clinicadharma.com.ar\/residencia\/wp-json\/wp\/v2\/tags?post=215"}],"curies":[{"name":"wp","href":"https:\/\/api.w.org\/{rel}","templated":true}]}}