{"id":16,"date":"2019-07-26T13:48:49","date_gmt":"2019-07-26T16:48:49","guid":{"rendered":"http:\/\/www.clinicadharma.com.ar\/residencia\/?page_id=16"},"modified":"2025-05-20T15:48:06","modified_gmt":"2025-05-20T18:48:06","slug":"inscripcion-2019","status":"publish","type":"page","link":"https:\/\/www.clinicadharma.com.ar\/residencia\/inscripcion-2019\/","title":{"rendered":"INSCRIPCION 2025"},"content":{"rendered":"<h2>INSCRIPCION &#8211; REQUISITOS<\/h2>\n<h3>REQUISITOS DE INSCRIPCI\u00d3N UBA<\/h3>\n<p>Consultar con Secretar\u00eda : Srta. Andrea Marano<\/p>\n<h3>REQUISITOS DE INSCRIPCION MINISTERIO DE SALUD:<\/h3>\n<p>Ser ciudadano argentino nativo, por opci\u00f3n o naturalizado. Los extranjeros deber\u00e1n poseer Documento Nacional de Identidad emitido por Autoridad Argentina, y cumplir con las condiciones migratorias previstas en la Ley N\u00ba25.871 y sus normas reglamentarias y complementarias.<\/p>\n<ul>\n<li>Ser poseedor de condiciones de conducta e idoneidad para el cargo.<\/li>\n<\/ul>\n<ul>\n<li>\u00a0Tener la aptitud psicof\u00edsica requerida para el cargo.<\/li>\n<\/ul>\n<ul>\n<li>Ser graduado de cualquier Universidad de la Rep\u00fablica Argentina, del \u00e1mbito P\u00fablico o Privado, reconocida oficialmente, en Medicina. Aquellos graduados de Universidad Extranjera, sea \u00e9sta del \u00e1mbito p\u00fablico o privado, deber\u00e1n detentar titulaci\u00f3n de grado universitaria reconocida por el Ministerio de Educaci\u00f3n de la Naci\u00f3n (autoridad competente en la materia), habiendo completado el tr\u00e1mite de re-v\u00e1lida, homologaci\u00f3n, o aquel que correspondiere.<\/li>\n<\/ul>\n<ul>\n<li>Podr\u00e1n inscribirse para acceder a los mecanismos de selecci\u00f3n aquellos egresados que cuenten con Diploma extendido por la Universidad respectiva, acept\u00e1ndose excepcionalmente la inscripci\u00f3n con la posesi\u00f3n del certificado de t\u00edtulo en tr\u00e1mite expedido por la misma. Ello siempre que, cumplido el concurso respectivo y de acceder al cargo, posea el T\u00edtulo habilitante.<\/li>\n<\/ul>\n<p><strong>CARRERA REQUISITOS UBA :<\/strong><\/p>\n<p>Informaci\u00f3n en Secretar\u00eda Cl\u00ednica Dharma<br \/>\nAndrea Marano<br \/>\nTe: 47489066 interno 6600<br \/>\nMail: inscripcionresidencias@clinicadharma.com.ar<\/p>\n","protected":false},"excerpt":{"rendered":"<p>INSCRIPCION &#8211; REQUISITOS REQUISITOS DE INSCRIPCI\u00d3N UBA Consultar con Secretar\u00eda : Srta. Andrea Marano REQUISITOS DE INSCRIPCION MINISTERIO DE SALUD: Ser ciudadano argentino nativo, por opci\u00f3n o naturalizado. Los extranjeros deber\u00e1n poseer Documento Nacional de Identidad emitido por Autoridad Argentina, y cumplir con las condiciones migratorias previstas en la Ley N\u00ba25.871 y sus normas reglamentarias [&hellip;]<\/p>\n<p class=\"more-link style2\"><a href=\"https:\/\/www.clinicadharma.com.ar\/residencia\/inscripcion-2019\/\"  class=\"themebutton\"><span class=\"more-text\">READ MORE<\/span><span class=\"more-icon\"><i class=\"fa fa-angle-right fa-lg\"><\/i><\/span><\/a><\/p>\n","protected":false},"author":1,"featured_media":0,"parent":0,"menu_order":0,"comment_status":"closed","ping_status":"closed","template":"","meta":{"footnotes":""},"categories":[],"tags":[],"_links":{"self":[{"href":"https:\/\/www.clinicadharma.com.ar\/residencia\/wp-json\/wp\/v2\/pages\/16"}],"collection":[{"href":"https:\/\/www.clinicadharma.com.ar\/residencia\/wp-json\/wp\/v2\/pages"}],"about":[{"href":"https:\/\/www.clinicadharma.com.ar\/residencia\/wp-json\/wp\/v2\/types\/page"}],"author":[{"embeddable":true,"href":"https:\/\/www.clinicadharma.com.ar\/residencia\/wp-json\/wp\/v2\/users\/1"}],"replies":[{"embeddable":true,"href":"https:\/\/www.clinicadharma.com.ar\/residencia\/wp-json\/wp\/v2\/comments?post=16"}],"version-history":[{"count":15,"href":"https:\/\/www.clinicadharma.com.ar\/residencia\/wp-json\/wp\/v2\/pages\/16\/revisions"}],"predecessor-version":[{"id":588,"href":"https:\/\/www.clinicadharma.com.ar\/residencia\/wp-json\/wp\/v2\/pages\/16\/revisions\/588"}],"wp:attachment":[{"href":"https:\/\/www.clinicadharma.com.ar\/residencia\/wp-json\/wp\/v2\/media?parent=16"}],"wp:term":[{"taxonomy":"category","embeddable":true,"href":"https:\/\/www.clinicadharma.com.ar\/residencia\/wp-json\/wp\/v2\/categories?post=16"},{"taxonomy":"post_tag","embeddable":true,"href":"https:\/\/www.clinicadharma.com.ar\/residencia\/wp-json\/wp\/v2\/tags?post=16"}],"curies":[{"name":"wp","href":"https:\/\/api.w.org\/{rel}","templated":true}]}}