{"id":133,"date":"2019-07-26T21:12:45","date_gmt":"2019-07-27T00:12:45","guid":{"rendered":"http:\/\/www.clinicadharma.com.ar\/residencia\/?page_id=133"},"modified":"2019-07-26T21:21:58","modified_gmt":"2019-07-27T00:21:58","slug":"requisitos","status":"publish","type":"page","link":"https:\/\/www.clinicadharma.com.ar\/residencia\/requisitos\/","title":{"rendered":"INFORMACION ADICIONAL"},"content":{"rendered":"\t\t<div data-elementor-type=\"wp-post\" data-elementor-id=\"133\" class=\"elementor elementor-133\">\n\t\t\t\t\t\t<div class=\"elementor-inner\">\n\t\t\t\t<div class=\"elementor-section-wrap\">\n\t\t\t\t\t\t\t\t\t<section class=\"elementor-section elementor-top-section elementor-element elementor-element-756e859 elementor-section-boxed elementor-section-height-default elementor-section-height-default\" data-id=\"756e859\" data-element_type=\"section\">\n\t\t\t\t\t\t<div class=\"elementor-container elementor-column-gap-default\">\n\t\t\t\t\t\t\t<div class=\"elementor-row\">\n\t\t\t\t\t<div class=\"elementor-column elementor-col-100 elementor-top-column elementor-element elementor-element-6a6c764\" data-id=\"6a6c764\" data-element_type=\"column\">\n\t\t\t<div class=\"elementor-column-wrap elementor-element-populated\">\n\t\t\t\t\t\t\t<div class=\"elementor-widget-wrap\">\n\t\t\t\t\t\t<div class=\"elementor-element elementor-element-5b45c01 elementor-widget elementor-widget-heading\" data-id=\"5b45c01\" data-element_type=\"widget\" data-widget_type=\"heading.default\">\n\t\t\t\t<div class=\"elementor-widget-container\">\n\t\t\t<h2 class=\"elementor-heading-title elementor-size-default\">EXAMEN ESCRITO<\/h2>\t\t<\/div>\n\t\t\t\t<\/div>\n\t\t\t\t\t\t<\/div>\n\t\t\t\t\t<\/div>\n\t\t<\/div>\n\t\t\t\t\t\t\t\t<\/div>\n\t\t\t\t\t<\/div>\n\t\t<\/section>\n\t\t\t\t<section class=\"elementor-section elementor-top-section elementor-element elementor-element-e77db5e elementor-section-boxed elementor-section-height-default elementor-section-height-default\" data-id=\"e77db5e\" data-element_type=\"section\">\n\t\t\t\t\t\t<div class=\"elementor-container elementor-column-gap-default\">\n\t\t\t\t\t\t\t<div class=\"elementor-row\">\n\t\t\t\t\t<div class=\"elementor-column elementor-col-100 elementor-top-column elementor-element elementor-element-932346e\" data-id=\"932346e\" data-element_type=\"column\">\n\t\t\t<div class=\"elementor-column-wrap elementor-element-populated\">\n\t\t\t\t\t\t\t<div class=\"elementor-widget-wrap\">\n\t\t\t\t\t\t<div class=\"elementor-element elementor-element-0581eae elementor-widget elementor-widget-text-editor\" data-id=\"0581eae\" data-element_type=\"widget\" data-widget_type=\"text-editor.default\">\n\t\t\t\t<div class=\"elementor-widget-container\">\n\t\t\t\t\t\t\t\t<div class=\"elementor-text-editor elementor-clearfix\">\n\t\t\t\tPara rendir examen se deber\u00e1 presentar DNI (o C\u00e9dula)\n\nSe dispondr\u00e1 de 180 minutos para responder 100 preguntas estructuradas de selecci\u00f3n m\u00faltiple con 3alternativas.\u00a0\n\nPara completar la grilla se requerir\u00e1 escribir con tinta o bol\u00edgrafo y entregar el examen con firma,\u00a0aclaraci\u00f3n y n\u00famero de documento.\t\t\t\t\t<\/div>\n\t\t\t\t\t\t<\/div>\n\t\t\t\t<\/div>\n\t\t\t\t\t\t<\/div>\n\t\t\t\t\t<\/div>\n\t\t<\/div>\n\t\t\t\t\t\t\t\t<\/div>\n\t\t\t\t\t<\/div>\n\t\t<\/section>\n\t\t\t\t<section class=\"elementor-section elementor-top-section elementor-element elementor-element-5e3734f elementor-section-boxed elementor-section-height-default elementor-section-height-default\" data-id=\"5e3734f\" data-element_type=\"section\">\n\t\t\t\t\t\t<div class=\"elementor-container elementor-column-gap-default\">\n\t\t\t\t\t\t\t<div class=\"elementor-row\">\n\t\t\t\t\t<div class=\"elementor-column elementor-col-100 elementor-top-column elementor-element elementor-element-dc371ea\" data-id=\"dc371ea\" data-element_type=\"column\">\n\t\t\t<div class=\"elementor-column-wrap elementor-element-populated\">\n\t\t\t\t\t\t\t<div class=\"elementor-widget-wrap\">\n\t\t\t\t\t\t<div class=\"elementor-element elementor-element-8c2d8c1 elementor-widget elementor-widget-heading\" data-id=\"8c2d8c1\" data-element_type=\"widget\" data-widget_type=\"heading.default\">\n\t\t\t\t<div class=\"elementor-widget-container\">\n\t\t\t<h2 class=\"elementor-heading-title elementor-size-default\">ENTREVISTA PERSONAL<\/h2>\t\t<\/div>\n\t\t\t\t<\/div>\n\t\t\t\t\t\t<\/div>\n\t\t\t\t\t<\/div>\n\t\t<\/div>\n\t\t\t\t\t\t\t\t<\/div>\n\t\t\t\t\t<\/div>\n\t\t<\/section>\n\t\t\t\t<section class=\"elementor-section elementor-top-section elementor-element elementor-element-8647ca2 elementor-section-boxed elementor-section-height-default elementor-section-height-default\" data-id=\"8647ca2\" data-element_type=\"section\">\n\t\t\t\t\t\t<div class=\"elementor-container elementor-column-gap-default\">\n\t\t\t\t\t\t\t<div class=\"elementor-row\">\n\t\t\t\t\t<div class=\"elementor-column elementor-col-100 elementor-top-column elementor-element elementor-element-f48796e\" data-id=\"f48796e\" data-element_type=\"column\">\n\t\t\t<div class=\"elementor-column-wrap elementor-element-populated\">\n\t\t\t\t\t\t\t<div class=\"elementor-widget-wrap\">\n\t\t\t\t\t\t<div class=\"elementor-element elementor-element-d4c2694 elementor-widget elementor-widget-text-editor\" data-id=\"d4c2694\" data-element_type=\"widget\" data-widget_type=\"text-editor.default\">\n\t\t\t\t<div class=\"elementor-widget-container\">\n\t\t\t\t\t\t\t\t<div class=\"elementor-text-editor elementor-clearfix\">\n\t\t\t\t<ul><li>Ser\u00e1n llamados a entrevista personal, aquellos postulantes que hayan obtenido los puntajes m\u00e1s elevados. Al concurrir a la entrevista, deber\u00e1n acompa\u00f1ar indefectiblemente:<\/li><li>Fotocopia del Documento Nacional de Identidad actualizado, de las hojas 1 y 2, y eventualmente la que corresponda al \u00faltimo cambio de domicilio, debiendo concurrir con el original para su verificaci\u00f3n.<\/li><li>DOS (2) fotos tipo carn\u00e9 color actualizada.<\/li><li>Curr\u00edculum Vitae, en el que consten los antecedentes personales, estudiantiles y docentes que pudiere oportunamente interponer.<\/li><li>De poseerlo, deber\u00e1 presentar Fotocopia del T\u00edtulo de Grado Universitario Legalizado, debiendo concurrir con el original para su verificaci\u00f3n. De encontrarse tramitando el T\u00edtulo respetivo, deber\u00e1 presentar Fotocopia Legalizada del Certificado Anal\u00edtico debiendo concurrir con el original para su verificaci\u00f3n.<\/li><li>Fotocopia de Certificado de Materias y Notas de la Carrera o Certificado Anal\u00edtico, a los fines de verificar las calificaciones obtenidas por el aspirante para su egreso<\/li><li>El puntaje final de la entrevista, ser\u00e1 el que defina el ingreso del candidato como Residente de la Cl\u00ednica Dharma.<\/li><\/ul>\t\t\t\t\t<\/div>\n\t\t\t\t\t\t<\/div>\n\t\t\t\t<\/div>\n\t\t\t\t\t\t<\/div>\n\t\t\t\t\t<\/div>\n\t\t<\/div>\n\t\t\t\t\t\t\t\t<\/div>\n\t\t\t\t\t<\/div>\n\t\t<\/section>\n\t\t\t\t\t\t\t\t\t<\/div>\n\t\t\t<\/div>\n\t\t\t\t\t<\/div>\n\t\t","protected":false},"excerpt":{"rendered":"<p>EXAMEN ESCRITO Para rendir examen se deber\u00e1 presentar DNI (o C\u00e9dula) Se dispondr\u00e1 de 180 minutos para responder 100 preguntas estructuradas de selecci\u00f3n m\u00faltiple con 3alternativas.\u00a0 Para completar la grilla se requerir\u00e1 escribir con tinta o bol\u00edgrafo y entregar el examen con firma,\u00a0aclaraci\u00f3n y n\u00famero de documento. ENTREVISTA PERSONAL Ser\u00e1n llamados a entrevista personal, aquellos [&hellip;]<\/p>\n<p class=\"more-link style2\"><a href=\"https:\/\/www.clinicadharma.com.ar\/residencia\/requisitos\/\"  class=\"themebutton\"><span class=\"more-text\">READ MORE<\/span><span class=\"more-icon\"><i class=\"fa fa-angle-right fa-lg\"><\/i><\/span><\/a><\/p>\n","protected":false},"author":1,"featured_media":0,"parent":0,"menu_order":0,"comment_status":"closed","ping_status":"closed","template":"","meta":{"footnotes":""},"categories":[],"tags":[],"_links":{"self":[{"href":"https:\/\/www.clinicadharma.com.ar\/residencia\/wp-json\/wp\/v2\/pages\/133"}],"collection":[{"href":"https:\/\/www.clinicadharma.com.ar\/residencia\/wp-json\/wp\/v2\/pages"}],"about":[{"href":"https:\/\/www.clinicadharma.com.ar\/residencia\/wp-json\/wp\/v2\/types\/page"}],"author":[{"embeddable":true,"href":"https:\/\/www.clinicadharma.com.ar\/residencia\/wp-json\/wp\/v2\/users\/1"}],"replies":[{"embeddable":true,"href":"https:\/\/www.clinicadharma.com.ar\/residencia\/wp-json\/wp\/v2\/comments?post=133"}],"version-history":[{"count":3,"href":"https:\/\/www.clinicadharma.com.ar\/residencia\/wp-json\/wp\/v2\/pages\/133\/revisions"}],"predecessor-version":[{"id":138,"href":"https:\/\/www.clinicadharma.com.ar\/residencia\/wp-json\/wp\/v2\/pages\/133\/revisions\/138"}],"wp:attachment":[{"href":"https:\/\/www.clinicadharma.com.ar\/residencia\/wp-json\/wp\/v2\/media?parent=133"}],"wp:term":[{"taxonomy":"category","embeddable":true,"href":"https:\/\/www.clinicadharma.com.ar\/residencia\/wp-json\/wp\/v2\/categories?post=133"},{"taxonomy":"post_tag","embeddable":true,"href":"https:\/\/www.clinicadharma.com.ar\/residencia\/wp-json\/wp\/v2\/tags?post=133"}],"curies":[{"name":"wp","href":"https:\/\/api.w.org\/{rel}","templated":true}]}}