{"id":13,"date":"2019-07-19T14:02:14","date_gmt":"2019-07-19T17:02:14","guid":{"rendered":"http:\/\/www.clinicadharma.com.ar\/enfermeria\/?page_id=13"},"modified":"2019-07-23T17:47:30","modified_gmt":"2019-07-23T20:47:30","slug":"objetivos","status":"publish","type":"page","link":"https:\/\/www.clinicadharma.com.ar\/enfermeria\/objetivos\/","title":{"rendered":"OBJETIVOS"},"content":{"rendered":"\t\t<div data-elementor-type=\"wp-post\" data-elementor-id=\"13\" class=\"elementor elementor-13\" data-elementor-settings=\"[]\">\n\t\t\t\t\t\t<div class=\"elementor-inner\">\n\t\t\t\t\t\t\t<div class=\"elementor-section-wrap\">\n\t\t\t\t\t\t\t<section class=\"elementor-section elementor-top-section elementor-element elementor-element-3ae170b elementor-section-boxed elementor-section-height-default elementor-section-height-default\" data-id=\"3ae170b\" data-element_type=\"section\">\n\t\t\t\t\t\t<div class=\"elementor-container elementor-column-gap-default\">\n\t\t\t\t\t\t\t<div class=\"elementor-row\">\n\t\t\t\t\t<div class=\"elementor-column elementor-col-100 elementor-top-column elementor-element elementor-element-62c1f5f\" data-id=\"62c1f5f\" data-element_type=\"column\">\n\t\t\t<div class=\"elementor-column-wrap elementor-element-populated\">\n\t\t\t\t\t\t\t<div class=\"elementor-widget-wrap\">\n\t\t\t\t\t\t<div class=\"elementor-element elementor-element-1d1f108 elementor-widget elementor-widget-heading\" data-id=\"1d1f108\" data-element_type=\"widget\" data-widget_type=\"heading.default\">\n\t\t\t\t<div class=\"elementor-widget-container\">\n\t\t\t<h2 class=\"elementor-heading-title elementor-size-default\">OBJETIVOS<\/h2>\t\t<\/div>\n\t\t\t\t<\/div>\n\t\t\t\t\t\t<\/div>\n\t\t\t\t\t<\/div>\n\t\t<\/div>\n\t\t\t\t\t\t\t\t<\/div>\n\t\t\t\t\t<\/div>\n\t\t<\/section>\n\t\t\t\t<section class=\"elementor-section elementor-top-section elementor-element elementor-element-18cbcac elementor-section-boxed elementor-section-height-default elementor-section-height-default\" data-id=\"18cbcac\" data-element_type=\"section\">\n\t\t\t\t\t\t<div class=\"elementor-container elementor-column-gap-default\">\n\t\t\t\t\t\t\t<div class=\"elementor-row\">\n\t\t\t\t\t<div class=\"elementor-column elementor-col-100 elementor-top-column elementor-element elementor-element-5956934\" data-id=\"5956934\" data-element_type=\"column\">\n\t\t\t<div class=\"elementor-column-wrap elementor-element-populated\">\n\t\t\t\t\t\t\t<div class=\"elementor-widget-wrap\">\n\t\t\t\t\t\t<div class=\"elementor-element elementor-element-c05dfa3 elementor-widget-divider--view-line elementor-widget elementor-widget-divider\" data-id=\"c05dfa3\" data-element_type=\"widget\" data-widget_type=\"divider.default\">\n\t\t\t\t<div class=\"elementor-widget-container\">\n\t\t\t\t\t<div class=\"elementor-divider\">\n\t\t\t<span class=\"elementor-divider-separator\">\n\t\t\t\t\t\t<\/span>\n\t\t<\/div>\n\t\t\t\t<\/div>\n\t\t\t\t<\/div>\n\t\t\t\t<div class=\"elementor-element elementor-element-15f790a elementor-widget elementor-widget-text-editor\" data-id=\"15f790a\" data-element_type=\"widget\" data-widget_type=\"text-editor.default\">\n\t\t\t\t<div class=\"elementor-widget-container\">\n\t\t\t\t\t\t\t\t<div class=\"elementor-text-editor elementor-clearfix\">\n\t\t\t\t<p>&nbsp;<\/p>\n<ul style=\"margin-top: 0pt; margin-bottom: 0pt;\">\n<li style=\"margin-left: 15px;\">Afianzar conceptos de enfermer\u00eda general en evaluaciones te\u00f3rico- pr\u00e1cticas.<\/li>\n<li style=\"margin-left: 15px;\">Reconocimiento y profundizaci\u00f3n de conceptos sobre enfermer\u00eda psiqui\u00e1trica en forma pr\u00e1ctica de casos de patolog\u00eda prevalente.<\/li>\n<li style=\"margin-left: 15px;\">Aplicaci\u00f3n pr\u00e1ctica del manejo asistencial siendo corroborado en trabajos pr\u00e1cticos ad hoc.<\/li>\n<li style=\"margin-left: 15px;\">Aplicaci\u00f3n pr\u00e1ctica de las indicaciones&nbsp;Farmacol\u00f3gicas<\/span>&nbsp;del paciente psiqui\u00e1trico en mediciones y trabajos pr\u00e1cticos ad hoc.<\/li>\n<li style=\"margin-left: 15px;\">Conocer y relacionar las resoluciones de las Problem\u00e1ticas legales en el paciente psiqui\u00e1trico de acuerdo a las leyes vigentes. (LNSM 26.657)<\/li>\n<li style=\"margin-left: 15px;\">Preparaci\u00f3n eficaz para enfrentar la salida laboral en enfermer\u00eda psiqui\u00e1trica<\/li>\n<\/ul>\t\t\t\t\t<\/div>\n\t\t\t\t\t\t<\/div>\n\t\t\t\t<\/div>\n\t\t\t\t\t\t<\/div>\n\t\t\t\t\t<\/div>\n\t\t<\/div>\n\t\t\t\t\t\t\t\t<\/div>\n\t\t\t\t\t<\/div>\n\t\t<\/section>\n\t\t\t\t\t\t<\/div>\n\t\t\t\t\t\t<\/div>\n\t\t\t\t\t<\/div>\n\t\t","protected":false},"excerpt":{"rendered":"<p>OBJETIVOS &nbsp; Afianzar conceptos de enfermer\u00eda general en evaluaciones te\u00f3rico- pr\u00e1cticas. Reconocimiento y profundizaci\u00f3n de conceptos sobre enfermer\u00eda psiqui\u00e1trica en forma pr\u00e1ctica de casos de patolog\u00eda prevalente. Aplicaci\u00f3n pr\u00e1ctica del manejo asistencial siendo corroborado en trabajos pr\u00e1cticos ad hoc. Aplicaci\u00f3n pr\u00e1ctica de las indicaciones&nbsp;Farmacol\u00f3gicas&nbsp;del paciente psiqui\u00e1trico en mediciones y trabajos pr\u00e1cticos ad hoc. Conocer y [&hellip;]<\/p>\n<p class=\"more-link style2\"><a href=\"https:\/\/www.clinicadharma.com.ar\/enfermeria\/objetivos\/\"  class=\"themebutton\"><span class=\"more-text\">READ MORE<\/span><span class=\"more-icon\"><i class=\"fa fa-angle-right fa-lg\"><\/i><\/span><\/a><\/p>\n","protected":false},"author":1,"featured_media":0,"parent":0,"menu_order":0,"comment_status":"closed","ping_status":"closed","template":"","meta":[],"categories":[],"tags":[],"_links":{"self":[{"href":"https:\/\/www.clinicadharma.com.ar\/enfermeria\/wp-json\/wp\/v2\/pages\/13"}],"collection":[{"href":"https:\/\/www.clinicadharma.com.ar\/enfermeria\/wp-json\/wp\/v2\/pages"}],"about":[{"href":"https:\/\/www.clinicadharma.com.ar\/enfermeria\/wp-json\/wp\/v2\/types\/page"}],"author":[{"embeddable":true,"href":"https:\/\/www.clinicadharma.com.ar\/enfermeria\/wp-json\/wp\/v2\/users\/1"}],"replies":[{"embeddable":true,"href":"https:\/\/www.clinicadharma.com.ar\/enfermeria\/wp-json\/wp\/v2\/comments?post=13"}],"version-history":[{"count":6,"href":"https:\/\/www.clinicadharma.com.ar\/enfermeria\/wp-json\/wp\/v2\/pages\/13\/revisions"}],"predecessor-version":[{"id":84,"href":"https:\/\/www.clinicadharma.com.ar\/enfermeria\/wp-json\/wp\/v2\/pages\/13\/revisions\/84"}],"wp:attachment":[{"href":"https:\/\/www.clinicadharma.com.ar\/enfermeria\/wp-json\/wp\/v2\/media?parent=13"}],"wp:term":[{"taxonomy":"category","embeddable":true,"href":"https:\/\/www.clinicadharma.com.ar\/enfermeria\/wp-json\/wp\/v2\/categories?post=13"},{"taxonomy":"post_tag","embeddable":true,"href":"https:\/\/www.clinicadharma.com.ar\/enfermeria\/wp-json\/wp\/v2\/tags?post=13"}],"curies":[{"name":"wp","href":"https:\/\/api.w.org\/{rel}","templated":true}]}}