{"id":501,"date":"2025-02-20T12:57:12","date_gmt":"2025-02-20T15:57:12","guid":{"rendered":"https:\/\/www.clinicadharma.com.ar\/carrera\/?page_id=501"},"modified":"2025-02-20T13:04:55","modified_gmt":"2025-02-20T16:04:55","slug":"programa-carrera-adultos","status":"publish","type":"page","link":"https:\/\/www.clinicadharma.com.ar\/carrera\/programa-carrera-adultos\/","title":{"rendered":"PROGRAMA CARRERA ADULTOS"},"content":{"rendered":"\n<figure class=\"wp-block-table is-style-stripes\"><table><tbody><tr><td>1er A\u00d1O<\/td><td>2do A\u00d1O<\/td><td>3er A\u00d1O<\/td><\/tr><tr><td>1) Introducci\u00f3n a la Filosof\u00eda<br>2) Psicolog\u00eda I<br>3) Cl\u00ednica Psiqui\u00e1trica I (estudio de diferentes l\u00edneas terap\u00e9uticas y t\u00e9cnicas diagn\u00f3sticas)<br>3) Cl\u00ednica Psiqui\u00e1trica II<br>4) Psicofarmacolog\u00eda I<br>5) Neurolog\u00eda y Neurociencias<br>6) Psiquiatr\u00eda Comunitaria-Rehabilitaci\u00f3n-Dispositivos Terap\u00e9uticos<\/td><td>1) Epistemolog\u00eda-Historia de la Psiquiatr\u00eda <br>2) Psicolog\u00eda II ( estudio de diferentes l\u00edneas terap\u00e9uticas y t\u00e9cnicas diagn\u00f3sticas) <br>3) Cl\u00ednica Psiqui\u00e1trica II <br>4) Cl\u00ednica Psiqui\u00e1trica infantojuvenil <br>5) Psicofarmacolog\u00eda II<br>6) Terapias Grupales <br>7) Psiquiatr\u00eda Legal.Ley 26657<\/td><td>1)Psiquiatr\u00eda Forense<br>2) Psicolog\u00eda III (estudio de diferentes l\u00edneas terap\u00e9uticas y t\u00e9cnicas diagn\u00f3sticas.)<br>3) Cl\u00ednica psiqui\u00e1trica III<br>4) Psiquiatr\u00eda de enlace y Emergencias<br>5) Terap\u00e9utica III ( casos problema terap\u00e9utico-farmacologicos-supervisi\u00f3n)<br>6) Sistemas de Salud<br>7) Metodolog\u00eda de la Investigaci\u00f3nTICA CL\u00cdNICA<br><\/td><\/tr><\/tbody><\/table><\/figure>\n","protected":false},"excerpt":{"rendered":"<p>1er A\u00d1O 2do A\u00d1O 3er A\u00d1O 1) Introducci\u00f3n a la Filosof\u00eda2) Psicolog\u00eda I3) Cl\u00ednica Psiqui\u00e1trica I (estudio de diferentes l\u00edneas terap\u00e9uticas y t\u00e9cnicas diagn\u00f3sticas)3) Cl\u00ednica Psiqui\u00e1trica II4) Psicofarmacolog\u00eda I5) Neurolog\u00eda y Neurociencias6) Psiquiatr\u00eda Comunitaria-Rehabilitaci\u00f3n-Dispositivos Terap\u00e9uticos 1) Epistemolog\u00eda-Historia de la Psiquiatr\u00eda 2) Psicolog\u00eda II ( estudio de diferentes l\u00edneas terap\u00e9uticas y t\u00e9cnicas diagn\u00f3sticas) 3) Cl\u00ednica Psiqui\u00e1trica [&hellip;]<\/p>\n<p class=\"more-link style2\"><a href=\"https:\/\/www.clinicadharma.com.ar\/carrera\/programa-carrera-adultos\/\"  class=\"themebutton\"><span class=\"more-text\">READ MORE<\/span><span class=\"more-icon\"><i class=\"fa fa-angle-right fa-lg\"><\/i><\/span><\/a><\/p>\n","protected":false},"author":1,"featured_media":0,"parent":0,"menu_order":0,"comment_status":"closed","ping_status":"closed","template":"","meta":[],"categories":[],"tags":[],"_links":{"self":[{"href":"https:\/\/www.clinicadharma.com.ar\/carrera\/wp-json\/wp\/v2\/pages\/501"}],"collection":[{"href":"https:\/\/www.clinicadharma.com.ar\/carrera\/wp-json\/wp\/v2\/pages"}],"about":[{"href":"https:\/\/www.clinicadharma.com.ar\/carrera\/wp-json\/wp\/v2\/types\/page"}],"author":[{"embeddable":true,"href":"https:\/\/www.clinicadharma.com.ar\/carrera\/wp-json\/wp\/v2\/users\/1"}],"replies":[{"embeddable":true,"href":"https:\/\/www.clinicadharma.com.ar\/carrera\/wp-json\/wp\/v2\/comments?post=501"}],"version-history":[{"count":2,"href":"https:\/\/www.clinicadharma.com.ar\/carrera\/wp-json\/wp\/v2\/pages\/501\/revisions"}],"predecessor-version":[{"id":511,"href":"https:\/\/www.clinicadharma.com.ar\/carrera\/wp-json\/wp\/v2\/pages\/501\/revisions\/511"}],"wp:attachment":[{"href":"https:\/\/www.clinicadharma.com.ar\/carrera\/wp-json\/wp\/v2\/media?parent=501"}],"wp:term":[{"taxonomy":"category","embeddable":true,"href":"https:\/\/www.clinicadharma.com.ar\/carrera\/wp-json\/wp\/v2\/categories?post=501"},{"taxonomy":"post_tag","embeddable":true,"href":"https:\/\/www.clinicadharma.com.ar\/carrera\/wp-json\/wp\/v2\/tags?post=501"}],"curies":[{"name":"wp","href":"https:\/\/api.w.org\/{rel}","templated":true}]}}