{"id":41,"date":"2019-07-26T14:02:27","date_gmt":"2019-07-26T17:02:27","guid":{"rendered":"http:\/\/www.clinicadharma.com.ar\/carrera\/?page_id=41"},"modified":"2024-12-19T12:36:03","modified_gmt":"2024-12-19T15:36:03","slug":"beneficios-al-residente","status":"publish","type":"page","link":"https:\/\/www.clinicadharma.com.ar\/carrera\/beneficios-al-residente\/","title":{"rendered":"DEPARTAMENTO DE DOCENCIA"},"content":{"rendered":"<h2>DEPARTAMENTO DE DOCENCIA<\/h2>\n\n\n<p>Dr. Barembaun, Rub\u00e9n<br>Dr. Brusco, Ignacio<br>Lic. Castagnino, Ernesto<br>Dra. Cirigliano, M\u00f3nica<br>Lic. Colosimo, Marcelo<br>Dr. Conti, Norberto<br>Lic. Enriquez Laura<br>Lic. Ferraiuolo, Lidia<br>Dra. Freisleben Mariana<br>Lic. Genzone Leandro<br>Dr. Herrera Garc\u00eda Pedro Pablo<br>Lic. Katz, Ezequiel<br>Dr. Kremer, Carlos<br>Dr. Loidl, Fabi\u00e1n<br>Dr. Monchablon, Alberto<br>Dra. Montemarano, Carina<br>Dr. Otero, Alejandro<br>Dra. Rocco, Patricia<br>Lic. San Mart\u00edn<br>Dra. Scolaro, Eliana<br>Dr. Silva, Daniel<br>Lic. Sucksdorf, Cristian<br>Lic. Traverso Gregorio<br>Docentes invitados de Universidades Nacionales y Privadas<br>Docentes invitados de Entidades Acad\u00e9micas y Asociaciones Profesionales<\/p>\n","protected":false},"excerpt":{"rendered":"<p>DEPARTAMENTO DE DOCENCIA Dr. Barembaun, Rub\u00e9nDr. Brusco, IgnacioLic. Castagnino, ErnestoDra. Cirigliano, M\u00f3nicaLic. Colosimo, MarceloDr. Conti, NorbertoLic. Enriquez LauraLic. Ferraiuolo, LidiaDra. Freisleben MarianaLic. Genzone LeandroDr. Herrera Garc\u00eda Pedro PabloLic. Katz, EzequielDr. Kremer, CarlosDr. Loidl, Fabi\u00e1nDr. Monchablon, AlbertoDra. Montemarano, CarinaDr. Otero, AlejandroDra. Rocco, PatriciaLic. San Mart\u00ednDra. Scolaro, ElianaDr. Silva, DanielLic. Sucksdorf, CristianLic. Traverso GregorioDocentes invitados de Universidades [&hellip;]<\/p>\n<p class=\"more-link style2\"><a href=\"https:\/\/www.clinicadharma.com.ar\/carrera\/beneficios-al-residente\/\"  class=\"themebutton\"><span class=\"more-text\">READ MORE<\/span><span class=\"more-icon\"><i class=\"fa fa-angle-right fa-lg\"><\/i><\/span><\/a><\/p>\n","protected":false},"author":1,"featured_media":0,"parent":0,"menu_order":0,"comment_status":"closed","ping_status":"closed","template":"","meta":[],"categories":[],"tags":[],"_links":{"self":[{"href":"https:\/\/www.clinicadharma.com.ar\/carrera\/wp-json\/wp\/v2\/pages\/41"}],"collection":[{"href":"https:\/\/www.clinicadharma.com.ar\/carrera\/wp-json\/wp\/v2\/pages"}],"about":[{"href":"https:\/\/www.clinicadharma.com.ar\/carrera\/wp-json\/wp\/v2\/types\/page"}],"author":[{"embeddable":true,"href":"https:\/\/www.clinicadharma.com.ar\/carrera\/wp-json\/wp\/v2\/users\/1"}],"replies":[{"embeddable":true,"href":"https:\/\/www.clinicadharma.com.ar\/carrera\/wp-json\/wp\/v2\/comments?post=41"}],"version-history":[{"count":8,"href":"https:\/\/www.clinicadharma.com.ar\/carrera\/wp-json\/wp\/v2\/pages\/41\/revisions"}],"predecessor-version":[{"id":494,"href":"https:\/\/www.clinicadharma.com.ar\/carrera\/wp-json\/wp\/v2\/pages\/41\/revisions\/494"}],"wp:attachment":[{"href":"https:\/\/www.clinicadharma.com.ar\/carrera\/wp-json\/wp\/v2\/media?parent=41"}],"wp:term":[{"taxonomy":"category","embeddable":true,"href":"https:\/\/www.clinicadharma.com.ar\/carrera\/wp-json\/wp\/v2\/categories?post=41"},{"taxonomy":"post_tag","embeddable":true,"href":"https:\/\/www.clinicadharma.com.ar\/carrera\/wp-json\/wp\/v2\/tags?post=41"}],"curies":[{"name":"wp","href":"https:\/\/api.w.org\/{rel}","templated":true}]}}